{"id":143,"date":"2024-12-07T12:08:34","date_gmt":"2024-12-07T11:08:34","guid":{"rendered":"https:\/\/sophrologie-yoga-vannes.fr\/?page_id=143"},"modified":"2025-03-09T15:47:20","modified_gmt":"2025-03-09T14:47:20","slug":"contact","status":"publish","type":"page","link":"https:\/\/sophrologie-yoga-vannes.fr\/index.php\/contact\/","title":{"rendered":"Contact"},"content":{"rendered":"\t\t<div data-elementor-type=\"wp-page\" data-elementor-id=\"143\" class=\"elementor elementor-143\">\n\t\t\t\t<div class=\"elementor-element elementor-element-2edb51e4 e-flex e-con-boxed e-con e-parent\" data-id=\"2edb51e4\" data-element_type=\"container\" data-settings=\"{&quot;background_background&quot;:&quot;classic&quot;}\">\n\t\t\t\t\t<div class=\"e-con-inner\">\n\t\t\t\t<div class=\"elementor-element elementor-element-701401f elementor-widget elementor-widget-heading\" data-id=\"701401f\" data-element_type=\"widget\" data-widget_type=\"heading.default\">\n\t\t\t\t<div class=\"elementor-widget-container\">\n\t\t\t\t\t<h1 class=\"elementor-heading-title elementor-size-default\">Me contacter<\/h1>\t\t\t\t<\/div>\n\t\t\t\t<\/div>\n\t\t\t\t<div class=\"elementor-element elementor-element-31f97ed elementor-widget elementor-widget-text-editor\" data-id=\"31f97ed\" data-element_type=\"widget\" data-widget_type=\"text-editor.default\">\n\t\t\t\t<div class=\"elementor-widget-container\">\n\t\t\t\t\t\t\t\t\t<ul><li>Jean-Pierre DUFFOUX<\/li><li>34, rue Yves de Kerguelen R\u00e9sidence Etolia quartier Cliscou\u00ebt<\/li><li>56000 Vannes<\/li><li>T\u00e9l : 06 72 82 37 87<\/li><li>courriel : duffoux.yoga@gmail.com<\/li><\/ul>\t\t\t\t\t\t\t\t<\/div>\n\t\t\t\t<\/div>\n\t\t\t\t<div class=\"elementor-element elementor-element-86db372 elementor-widget elementor-widget-shortcode\" data-id=\"86db372\" data-element_type=\"widget\" data-widget_type=\"shortcode.default\">\n\t\t\t\t<div class=\"elementor-widget-container\">\n\t\t\t\t\t\t\t<div class=\"elementor-shortcode\">\n<div class=\"wpcf7 no-js\" id=\"wpcf7-f146-o1\" lang=\"fr-FR\" dir=\"ltr\" data-wpcf7-id=\"146\">\n<div class=\"screen-reader-response\"><p role=\"status\" aria-live=\"polite\" aria-atomic=\"true\"><\/p> <ul><\/ul><\/div>\n<form action=\"\/index.php\/wp-json\/wp\/v2\/pages\/143#wpcf7-f146-o1\" method=\"post\" class=\"wpcf7-form init\" aria-label=\"Formulaire de contact\" novalidate=\"novalidate\" data-status=\"init\">\n<div style=\"display: none;\">\n<input type=\"hidden\" name=\"_wpcf7\" value=\"146\" \/>\n<input type=\"hidden\" name=\"_wpcf7_version\" value=\"6.0.4\" \/>\n<input type=\"hidden\" name=\"_wpcf7_locale\" value=\"fr_FR\" \/>\n<input type=\"hidden\" name=\"_wpcf7_unit_tag\" value=\"wpcf7-f146-o1\" \/>\n<input type=\"hidden\" name=\"_wpcf7_container_post\" value=\"0\" \/>\n<input type=\"hidden\" name=\"_wpcf7_posted_data_hash\" value=\"\" \/>\n<\/div>\n<p><span id=\"wpcf7-69debc5c2033e-wrapper\" class=\"wpcf7-form-control-wrap honeypot-180-wrap\" style=\"display:none !important; visibility:hidden !important;\"><label for=\"wpcf7-69debc5c2033e-field\" class=\"hp-message\">Veuillez laisser ce champ vide.<\/label><input id=\"wpcf7-69debc5c2033e-field\"  class=\"wpcf7-form-control wpcf7-text\" type=\"text\" name=\"honeypot-180\" value=\"\" size=\"40\" tabindex=\"-1\" autocomplete=\"new-password\" \/><\/span>\n<\/p>\n<p><label> Votre nom<br \/>\n<span class=\"wpcf7-form-control-wrap\" data-name=\"your-name\"><input size=\"40\" maxlength=\"400\" class=\"wpcf7-form-control wpcf7-text wpcf7-validates-as-required\" autocomplete=\"name\" aria-required=\"true\" aria-invalid=\"false\" value=\"\" type=\"text\" name=\"your-name\" \/><\/span> <\/label>\n<\/p>\n<p><label> Votre e-mail<br \/>\n<span class=\"wpcf7-form-control-wrap\" data-name=\"your-email\"><input size=\"40\" maxlength=\"400\" class=\"wpcf7-form-control wpcf7-email wpcf7-validates-as-required wpcf7-text wpcf7-validates-as-email\" autocomplete=\"email\" aria-required=\"true\" aria-invalid=\"false\" value=\"\" type=\"email\" name=\"your-email\" \/><\/span> <\/label>\n<\/p>\n<p><label> Objet<br \/>\n<span class=\"wpcf7-form-control-wrap\" data-name=\"your-subject\"><input size=\"40\" maxlength=\"400\" class=\"wpcf7-form-control wpcf7-text wpcf7-validates-as-required\" aria-required=\"true\" aria-invalid=\"false\" value=\"\" type=\"text\" name=\"your-subject\" \/><\/span> <\/label>\n<\/p>\n<p><label> Votre message (facultatif)<br \/>\n<span class=\"wpcf7-form-control-wrap\" data-name=\"your-message\"><textarea cols=\"40\" rows=\"10\" maxlength=\"2000\" class=\"wpcf7-form-control wpcf7-textarea\" aria-invalid=\"false\" name=\"your-message\"><\/textarea><\/span> <\/label>\n<\/p>\n<p><input class=\"wpcf7-form-control wpcf7-submit has-spinner\" type=\"submit\" value=\"Envoyer\" \/>\n<\/p><div class=\"wpcf7-response-output\" aria-hidden=\"true\"><\/div>\n<\/form>\n<\/div>\n<\/div>\n\t\t\t\t\t\t<\/div>\n\t\t\t\t<\/div>\n\t\t\t\t<div class=\"elementor-element elementor-element-a790c89 elementor-widget elementor-widget-html\" data-id=\"a790c89\" data-element_type=\"widget\" data-widget_type=\"html.default\">\n\t\t\t\t<div class=\"elementor-widget-container\">\n\t\t\t\t\t<iframe src=\"https:\/\/www.google.com\/maps\/embed?pb=!1m18!1m12!1m3!1d5376.574376212136!2d-2.7752772225303475!3d47.63998578566987!2m3!1f0!2f0!3f0!3m2!1i1024!2i768!4f13.1!3m3!1m2!1s0x48101c10c385c5df%3A0x50f24790c0413cca!2s34%20Rue%20Yves%20de%20Kergu%C3%A9len%2C%2056000%20Vannes!5e0!3m2!1sfr!2sfr!4v1733571394731!5m2!1sfr!2sfr\" width=\"600\" height=\"450\" style=\"border:0;\" allowfullscreen=\"\" loading=\"lazy\" referrerpolicy=\"no-referrer-when-downgrade\"><\/iframe>\t\t\t\t<\/div>\n\t\t\t\t<\/div>\n\t\t\t\t\t<\/div>\n\t\t\t\t<\/div>\n\t\t\t\t<\/div>\n\t\t","protected":false},"excerpt":{"rendered":"<p>Me contacter Jean-Pierre DUFFOUX 34, rue Yves de Kerguelen R\u00e9sidence Etolia quartier Cliscou\u00ebt 56000 Vannes T\u00e9l : 06 72 82 [&hellip;]<\/p>\n","protected":false},"author":1,"featured_media":0,"parent":0,"menu_order":0,"comment_status":"closed","ping_status":"closed","template":"","meta":{"site-sidebar-layout":"no-sidebar","site-content-layout":"","ast-site-content-layout":"full-width-container","site-content-style":"default","site-sidebar-style":"default","ast-global-header-display":"","ast-banner-title-visibility":"","ast-main-header-display":"","ast-hfb-above-header-display":"","ast-hfb-below-header-display":"","ast-hfb-mobile-header-display":"","site-post-title":"disabled","ast-breadcrumbs-content":"","ast-featured-img":"disabled","footer-sml-layout":"","theme-transparent-header-meta":"","adv-header-id-meta":"","stick-header-meta":"","header-above-stick-meta":"","header-main-stick-meta":"","header-below-stick-meta":"","astra-migrate-meta-layouts":"default","ast-page-background-enabled":"default","ast-page-background-meta":{"desktop":{"background-color":"var(--ast-global-color-4)","background-image":"","background-repeat":"repeat","background-position":"center center","background-size":"auto","background-attachment":"scroll","background-type":"","background-media":"","overlay-type":"","overlay-color":"","overlay-opacity":"","overlay-gradient":""},"tablet":{"background-color":"","background-image":"","background-repeat":"repeat","background-position":"center center","background-size":"auto","background-attachment":"scroll","background-type":"","background-media":"","overlay-type":"","overlay-color":"","overlay-opacity":"","overlay-gradient":""},"mobile":{"background-color":"","background-image":"","background-repeat":"repeat","background-position":"center center","background-size":"auto","background-attachment":"scroll","background-type":"","background-media":"","overlay-type":"","overlay-color":"","overlay-opacity":"","overlay-gradient":""}},"ast-content-background-meta":{"desktop":{"background-color":"var(--ast-global-color-5)","background-image":"","background-repeat":"repeat","background-position":"center center","background-size":"auto","background-attachment":"scroll","background-type":"","background-media":"","overlay-type":"","overlay-color":"","overlay-opacity":"","overlay-gradient":""},"tablet":{"background-color":"var(--ast-global-color-5)","background-image":"","background-repeat":"repeat","background-position":"center center","background-size":"auto","background-attachment":"scroll","background-type":"","background-media":"","overlay-type":"","overlay-color":"","overlay-opacity":"","overlay-gradient":""},"mobile":{"background-color":"var(--ast-global-color-5)","background-image":"","background-repeat":"repeat","background-position":"center center","background-size":"auto","background-attachment":"scroll","background-type":"","background-media":"","overlay-type":"","overlay-color":"","overlay-opacity":"","overlay-gradient":""}},"footnotes":""},"class_list":["post-143","page","type-page","status-publish","hentry"],"yoast_head":"<!-- This site is optimized with the Yoast SEO plugin v24.2 - https:\/\/yoast.com\/wordpress\/plugins\/seo\/ -->\n<title>Contact - Sophrologie-Yoga Vannes<\/title>\n<meta name=\"description\" content=\"Vous avez des questions concernant les cours de yoga ou de sophrologie sur Vannes. Contactez moi via ce formulaire.\" \/>\n<meta name=\"robots\" content=\"index, follow, max-snippet:-1, max-image-preview:large, max-video-preview:-1\" \/>\n<link rel=\"canonical\" href=\"https:\/\/sophrologie-yoga-vannes.fr\/index.php\/contact\/\" \/>\n<meta property=\"og:locale\" content=\"en_US\" \/>\n<meta property=\"og:type\" content=\"article\" \/>\n<meta property=\"og:title\" content=\"Contact - Sophrologie-Yoga Vannes\" \/>\n<meta property=\"og:description\" content=\"Vous avez des questions concernant les cours de yoga ou de sophrologie sur Vannes. Contactez moi via ce formulaire.\" \/>\n<meta property=\"og:url\" content=\"https:\/\/sophrologie-yoga-vannes.fr\/index.php\/contact\/\" \/>\n<meta property=\"og:site_name\" content=\"Sophrologie-Yoga Vannes\" \/>\n<meta property=\"article:modified_time\" content=\"2025-03-09T14:47:20+00:00\" \/>\n<meta name=\"twitter:card\" content=\"summary_large_image\" \/>\n<meta name=\"twitter:label1\" content=\"Est. reading time\" \/>\n\t<meta name=\"twitter:data1\" content=\"1 minute\" \/>\n<script type=\"application\/ld+json\" class=\"yoast-schema-graph\">{\"@context\":\"https:\/\/schema.org\",\"@graph\":[{\"@type\":\"WebPage\",\"@id\":\"https:\/\/sophrologie-yoga-vannes.fr\/index.php\/contact\/\",\"url\":\"https:\/\/sophrologie-yoga-vannes.fr\/index.php\/contact\/\",\"name\":\"Contact - Sophrologie-Yoga Vannes\",\"isPartOf\":{\"@id\":\"https:\/\/sophrologie-yoga-vannes.fr\/#website\"},\"datePublished\":\"2024-12-07T11:08:34+00:00\",\"dateModified\":\"2025-03-09T14:47:20+00:00\",\"description\":\"Vous avez des questions concernant les cours de yoga ou de sophrologie sur Vannes. Contactez moi via ce formulaire.\",\"breadcrumb\":{\"@id\":\"https:\/\/sophrologie-yoga-vannes.fr\/index.php\/contact\/#breadcrumb\"},\"inLanguage\":\"en-US\",\"potentialAction\":[{\"@type\":\"ReadAction\",\"target\":[\"https:\/\/sophrologie-yoga-vannes.fr\/index.php\/contact\/\"]}]},{\"@type\":\"BreadcrumbList\",\"@id\":\"https:\/\/sophrologie-yoga-vannes.fr\/index.php\/contact\/#breadcrumb\",\"itemListElement\":[{\"@type\":\"ListItem\",\"position\":1,\"name\":\"Accueil\",\"item\":\"https:\/\/sophrologie-yoga-vannes.fr\/\"},{\"@type\":\"ListItem\",\"position\":2,\"name\":\"Contact\"}]},{\"@type\":\"WebSite\",\"@id\":\"https:\/\/sophrologie-yoga-vannes.fr\/#website\",\"url\":\"https:\/\/sophrologie-yoga-vannes.fr\/\",\"name\":\"sophrologie-yoga-vannes\",\"description\":\"Un site utilisant WordPress\",\"publisher\":{\"@id\":\"https:\/\/sophrologie-yoga-vannes.fr\/#\/schema\/person\/f55de37949b1becf1c1ac8b394e83fb1\"},\"potentialAction\":[{\"@type\":\"SearchAction\",\"target\":{\"@type\":\"EntryPoint\",\"urlTemplate\":\"https:\/\/sophrologie-yoga-vannes.fr\/?s={search_term_string}\"},\"query-input\":{\"@type\":\"PropertyValueSpecification\",\"valueRequired\":true,\"valueName\":\"search_term_string\"}}],\"inLanguage\":\"en-US\"},{\"@type\":[\"Person\",\"Organization\"],\"@id\":\"https:\/\/sophrologie-yoga-vannes.fr\/#\/schema\/person\/f55de37949b1becf1c1ac8b394e83fb1\",\"name\":\"Jean-Pierre\",\"image\":{\"@type\":\"ImageObject\",\"inLanguage\":\"en-US\",\"@id\":\"https:\/\/sophrologie-yoga-vannes.fr\/#\/schema\/person\/image\/\",\"url\":\"https:\/\/sophrologie-yoga-vannes.fr\/wp-content\/uploads\/2024\/11\/LOGO.png\",\"contentUrl\":\"https:\/\/sophrologie-yoga-vannes.fr\/wp-content\/uploads\/2024\/11\/LOGO.png\",\"width\":148,\"height\":148,\"caption\":\"Jean-Pierre\"},\"logo\":{\"@id\":\"https:\/\/sophrologie-yoga-vannes.fr\/#\/schema\/person\/image\/\"},\"sameAs\":[\"http:\/\/sophrologie-yoga-vannes.fr\"]}]}<\/script>\n<!-- \/ Yoast SEO plugin. -->","yoast_head_json":{"title":"Contact - Sophrologie-Yoga Vannes","description":"Vous avez des questions concernant les cours de yoga ou de sophrologie sur Vannes. Contactez moi via ce formulaire.","robots":{"index":"index","follow":"follow","max-snippet":"max-snippet:-1","max-image-preview":"max-image-preview:large","max-video-preview":"max-video-preview:-1"},"canonical":"https:\/\/sophrologie-yoga-vannes.fr\/index.php\/contact\/","og_locale":"en_US","og_type":"article","og_title":"Contact - Sophrologie-Yoga Vannes","og_description":"Vous avez des questions concernant les cours de yoga ou de sophrologie sur Vannes. Contactez moi via ce formulaire.","og_url":"https:\/\/sophrologie-yoga-vannes.fr\/index.php\/contact\/","og_site_name":"Sophrologie-Yoga Vannes","article_modified_time":"2025-03-09T14:47:20+00:00","twitter_card":"summary_large_image","twitter_misc":{"Est. reading time":"1 minute"},"schema":{"@context":"https:\/\/schema.org","@graph":[{"@type":"WebPage","@id":"https:\/\/sophrologie-yoga-vannes.fr\/index.php\/contact\/","url":"https:\/\/sophrologie-yoga-vannes.fr\/index.php\/contact\/","name":"Contact - Sophrologie-Yoga Vannes","isPartOf":{"@id":"https:\/\/sophrologie-yoga-vannes.fr\/#website"},"datePublished":"2024-12-07T11:08:34+00:00","dateModified":"2025-03-09T14:47:20+00:00","description":"Vous avez des questions concernant les cours de yoga ou de sophrologie sur Vannes. Contactez moi via ce formulaire.","breadcrumb":{"@id":"https:\/\/sophrologie-yoga-vannes.fr\/index.php\/contact\/#breadcrumb"},"inLanguage":"en-US","potentialAction":[{"@type":"ReadAction","target":["https:\/\/sophrologie-yoga-vannes.fr\/index.php\/contact\/"]}]},{"@type":"BreadcrumbList","@id":"https:\/\/sophrologie-yoga-vannes.fr\/index.php\/contact\/#breadcrumb","itemListElement":[{"@type":"ListItem","position":1,"name":"Accueil","item":"https:\/\/sophrologie-yoga-vannes.fr\/"},{"@type":"ListItem","position":2,"name":"Contact"}]},{"@type":"WebSite","@id":"https:\/\/sophrologie-yoga-vannes.fr\/#website","url":"https:\/\/sophrologie-yoga-vannes.fr\/","name":"sophrologie-yoga-vannes","description":"Un site utilisant WordPress","publisher":{"@id":"https:\/\/sophrologie-yoga-vannes.fr\/#\/schema\/person\/f55de37949b1becf1c1ac8b394e83fb1"},"potentialAction":[{"@type":"SearchAction","target":{"@type":"EntryPoint","urlTemplate":"https:\/\/sophrologie-yoga-vannes.fr\/?s={search_term_string}"},"query-input":{"@type":"PropertyValueSpecification","valueRequired":true,"valueName":"search_term_string"}}],"inLanguage":"en-US"},{"@type":["Person","Organization"],"@id":"https:\/\/sophrologie-yoga-vannes.fr\/#\/schema\/person\/f55de37949b1becf1c1ac8b394e83fb1","name":"Jean-Pierre","image":{"@type":"ImageObject","inLanguage":"en-US","@id":"https:\/\/sophrologie-yoga-vannes.fr\/#\/schema\/person\/image\/","url":"https:\/\/sophrologie-yoga-vannes.fr\/wp-content\/uploads\/2024\/11\/LOGO.png","contentUrl":"https:\/\/sophrologie-yoga-vannes.fr\/wp-content\/uploads\/2024\/11\/LOGO.png","width":148,"height":148,"caption":"Jean-Pierre"},"logo":{"@id":"https:\/\/sophrologie-yoga-vannes.fr\/#\/schema\/person\/image\/"},"sameAs":["http:\/\/sophrologie-yoga-vannes.fr"]}]}},"_links":{"self":[{"href":"https:\/\/sophrologie-yoga-vannes.fr\/index.php\/wp-json\/wp\/v2\/pages\/143","targetHints":{"allow":["GET"]}}],"collection":[{"href":"https:\/\/sophrologie-yoga-vannes.fr\/index.php\/wp-json\/wp\/v2\/pages"}],"about":[{"href":"https:\/\/sophrologie-yoga-vannes.fr\/index.php\/wp-json\/wp\/v2\/types\/page"}],"author":[{"embeddable":true,"href":"https:\/\/sophrologie-yoga-vannes.fr\/index.php\/wp-json\/wp\/v2\/users\/1"}],"replies":[{"embeddable":true,"href":"https:\/\/sophrologie-yoga-vannes.fr\/index.php\/wp-json\/wp\/v2\/comments?post=143"}],"version-history":[{"count":25,"href":"https:\/\/sophrologie-yoga-vannes.fr\/index.php\/wp-json\/wp\/v2\/pages\/143\/revisions"}],"predecessor-version":[{"id":517,"href":"https:\/\/sophrologie-yoga-vannes.fr\/index.php\/wp-json\/wp\/v2\/pages\/143\/revisions\/517"}],"wp:attachment":[{"href":"https:\/\/sophrologie-yoga-vannes.fr\/index.php\/wp-json\/wp\/v2\/media?parent=143"}],"curies":[{"name":"wp","href":"https:\/\/api.w.org\/{rel}","templated":true}]}}