{"id":120,"date":"2024-12-07T11:15:13","date_gmt":"2024-12-07T10:15:13","guid":{"rendered":"https:\/\/sophrologie-yoga-vannes.fr\/?page_id=120"},"modified":"2025-02-22T15:02:23","modified_gmt":"2025-02-22T14:02:23","slug":"tarifs","status":"publish","type":"page","link":"https:\/\/sophrologie-yoga-vannes.fr\/index.php\/tarifs\/","title":{"rendered":"Tarifs"},"content":{"rendered":"\t\t<div data-elementor-type=\"wp-page\" data-elementor-id=\"120\" class=\"elementor elementor-120\">\n\t\t\t\t<div class=\"elementor-element elementor-element-6bf3dad e-flex e-con-boxed e-con e-parent\" data-id=\"6bf3dad\" data-element_type=\"container\">\n\t\t\t\t\t<div class=\"e-con-inner\">\n\t\t\t\t<div class=\"elementor-element elementor-element-ef4c43d elementor-widget elementor-widget-heading\" data-id=\"ef4c43d\" data-element_type=\"widget\" data-widget_type=\"heading.default\">\n\t\t\t\t<div class=\"elementor-widget-container\">\n\t\t\t\t\t<h1 class=\"elementor-heading-title elementor-size-default\">Tarifs<\/h1>\t\t\t\t<\/div>\n\t\t\t\t<\/div>\n\t\t\t\t<div class=\"elementor-element elementor-element-a843585 elementor-widget elementor-widget-text-editor\" data-id=\"a843585\" data-element_type=\"widget\" data-widget_type=\"text-editor.default\">\n\t\t\t\t<div class=\"elementor-widget-container\">\n\t\t\t\t\t\t\t\t\t<p><strong>COURS COLLECTIFS &#8211; YOGA OU SOPHROLOGIE<\/strong><\/p><ul><li><p><strong>Nouveaux arrivants :<\/strong><br \/>95 \u20ac le 1er trimestre\u00a0 <strong>1er cours :essai gratuit<\/strong><\/p><\/li><li><p><strong>R\u00e8glement au trimestre :<\/strong><br \/>130 \u20ac le trimestre de 10 \u00e0 12 s\u00e9ances<br \/>(Le trimestre de septembre \u00e0 d\u00e9cembre comporte 13 ou 14 s\u00e9ances pour le m\u00eame prix)<\/p><\/li><li><p><strong>R\u00e8glement \u00e0 l\u2019ann\u00e9e :<\/strong><br \/>3 ch\u00e8ques de 120 \u20ac encaiss\u00e9s en septembre, janvier et avril<\/p><\/li><li><p><strong>Revenu non imposable, demandeur d\u2019emploi, \u00e9tudiants, RSA :<\/strong><br \/>95 \u20ac par trimestre<\/p><\/li><\/ul><p><strong>S\u00c9ANCES INDIVIDUELLES &#8211; YOGA, SOPHROLOGIE, ENTRETIEN D\u2019AIDE<\/strong><\/p><ul><li><strong>OFFRE D\u00c9COUVERTE :<\/strong><br \/>3 s\u00e9ances individuelles \u00e0 40 \u20ac = 120 \u20ac au lieu de 150 \u20ac<br \/><em>(Engagement pour 3 s\u00e9ances )<\/em><\/li><\/ul>\t\t\t\t\t\t\t\t<\/div>\n\t\t\t\t<\/div>\n\t\t\t\t\t<\/div>\n\t\t\t\t<\/div>\n\t\t\t\t<\/div>\n\t\t","protected":false},"excerpt":{"rendered":"<p>Tarifs COURS COLLECTIFS &#8211; YOGA OU SOPHROLOGIE Nouveaux arrivants :95 \u20ac le 1er trimestre\u00a0 1er cours :essai gratuit R\u00e8glement au [&hellip;]<\/p>\n","protected":false},"author":1,"featured_media":0,"parent":0,"menu_order":0,"comment_status":"closed","ping_status":"closed","template":"","meta":{"site-sidebar-layout":"no-sidebar","site-content-layout":"","ast-site-content-layout":"full-width-container","site-content-style":"default","site-sidebar-style":"default","ast-global-header-display":"","ast-banner-title-visibility":"","ast-main-header-display":"","ast-hfb-above-header-display":"","ast-hfb-below-header-display":"","ast-hfb-mobile-header-display":"","site-post-title":"disabled","ast-breadcrumbs-content":"","ast-featured-img":"disabled","footer-sml-layout":"","theme-transparent-header-meta":"","adv-header-id-meta":"","stick-header-meta":"","header-above-stick-meta":"","header-main-stick-meta":"","header-below-stick-meta":"","astra-migrate-meta-layouts":"default","ast-page-background-enabled":"default","ast-page-background-meta":{"desktop":{"background-color":"var(--ast-global-color-4)","background-image":"","background-repeat":"repeat","background-position":"center center","background-size":"auto","background-attachment":"scroll","background-type":"","background-media":"","overlay-type":"","overlay-color":"","overlay-opacity":"","overlay-gradient":""},"tablet":{"background-color":"","background-image":"","background-repeat":"repeat","background-position":"center center","background-size":"auto","background-attachment":"scroll","background-type":"","background-media":"","overlay-type":"","overlay-color":"","overlay-opacity":"","overlay-gradient":""},"mobile":{"background-color":"","background-image":"","background-repeat":"repeat","background-position":"center center","background-size":"auto","background-attachment":"scroll","background-type":"","background-media":"","overlay-type":"","overlay-color":"","overlay-opacity":"","overlay-gradient":""}},"ast-content-background-meta":{"desktop":{"background-color":"var(--ast-global-color-5)","background-image":"","background-repeat":"repeat","background-position":"center center","background-size":"auto","background-attachment":"scroll","background-type":"","background-media":"","overlay-type":"","overlay-color":"","overlay-opacity":"","overlay-gradient":""},"tablet":{"background-color":"var(--ast-global-color-5)","background-image":"","background-repeat":"repeat","background-position":"center center","background-size":"auto","background-attachment":"scroll","background-type":"","background-media":"","overlay-type":"","overlay-color":"","overlay-opacity":"","overlay-gradient":""},"mobile":{"background-color":"var(--ast-global-color-5)","background-image":"","background-repeat":"repeat","background-position":"center center","background-size":"auto","background-attachment":"scroll","background-type":"","background-media":"","overlay-type":"","overlay-color":"","overlay-opacity":"","overlay-gradient":""}},"footnotes":""},"class_list":["post-120","page","type-page","status-publish","hentry"],"yoast_head":"<!-- This site is optimized with the Yoast SEO plugin v24.2 - https:\/\/yoast.com\/wordpress\/plugins\/seo\/ -->\n<title>Tarifs - Sophrologie-Yoga Vannes<\/title>\n<meta name=\"description\" content=\"D\u00e9couvrez nos tarifs accessibles pour cours collectifs et s\u00e9ances individuelles de yoga et sophrologie, adapt\u00e9s \u00e0 tous, avec offre d\u00e9couverte.\" \/>\n<meta name=\"robots\" content=\"index, follow, max-snippet:-1, max-image-preview:large, max-video-preview:-1\" \/>\n<link rel=\"canonical\" href=\"https:\/\/sophrologie-yoga-vannes.fr\/index.php\/tarifs\/\" \/>\n<meta property=\"og:locale\" content=\"en_US\" \/>\n<meta property=\"og:type\" content=\"article\" \/>\n<meta property=\"og:title\" content=\"Tarifs - Sophrologie-Yoga Vannes\" \/>\n<meta property=\"og:description\" content=\"D\u00e9couvrez nos tarifs accessibles pour cours collectifs et s\u00e9ances individuelles de yoga et sophrologie, adapt\u00e9s \u00e0 tous, avec offre d\u00e9couverte.\" \/>\n<meta property=\"og:url\" content=\"https:\/\/sophrologie-yoga-vannes.fr\/index.php\/tarifs\/\" \/>\n<meta property=\"og:site_name\" content=\"Sophrologie-Yoga Vannes\" \/>\n<meta property=\"article:modified_time\" content=\"2025-02-22T14:02:23+00:00\" \/>\n<meta name=\"twitter:card\" content=\"summary_large_image\" \/>\n<meta name=\"twitter:label1\" content=\"Est. reading time\" \/>\n\t<meta name=\"twitter:data1\" content=\"1 minute\" \/>\n<script type=\"application\/ld+json\" class=\"yoast-schema-graph\">{\"@context\":\"https:\/\/schema.org\",\"@graph\":[{\"@type\":\"WebPage\",\"@id\":\"https:\/\/sophrologie-yoga-vannes.fr\/index.php\/tarifs\/\",\"url\":\"https:\/\/sophrologie-yoga-vannes.fr\/index.php\/tarifs\/\",\"name\":\"Tarifs - Sophrologie-Yoga Vannes\",\"isPartOf\":{\"@id\":\"https:\/\/sophrologie-yoga-vannes.fr\/#website\"},\"datePublished\":\"2024-12-07T10:15:13+00:00\",\"dateModified\":\"2025-02-22T14:02:23+00:00\",\"description\":\"D\u00e9couvrez nos tarifs accessibles pour cours collectifs et s\u00e9ances individuelles de yoga et sophrologie, adapt\u00e9s \u00e0 tous, avec offre d\u00e9couverte.\",\"breadcrumb\":{\"@id\":\"https:\/\/sophrologie-yoga-vannes.fr\/index.php\/tarifs\/#breadcrumb\"},\"inLanguage\":\"en-US\",\"potentialAction\":[{\"@type\":\"ReadAction\",\"target\":[\"https:\/\/sophrologie-yoga-vannes.fr\/index.php\/tarifs\/\"]}]},{\"@type\":\"BreadcrumbList\",\"@id\":\"https:\/\/sophrologie-yoga-vannes.fr\/index.php\/tarifs\/#breadcrumb\",\"itemListElement\":[{\"@type\":\"ListItem\",\"position\":1,\"name\":\"Accueil\",\"item\":\"https:\/\/sophrologie-yoga-vannes.fr\/\"},{\"@type\":\"ListItem\",\"position\":2,\"name\":\"Tarifs\"}]},{\"@type\":\"WebSite\",\"@id\":\"https:\/\/sophrologie-yoga-vannes.fr\/#website\",\"url\":\"https:\/\/sophrologie-yoga-vannes.fr\/\",\"name\":\"sophrologie-yoga-vannes\",\"description\":\"Un site utilisant WordPress\",\"publisher\":{\"@id\":\"https:\/\/sophrologie-yoga-vannes.fr\/#\/schema\/person\/f55de37949b1becf1c1ac8b394e83fb1\"},\"potentialAction\":[{\"@type\":\"SearchAction\",\"target\":{\"@type\":\"EntryPoint\",\"urlTemplate\":\"https:\/\/sophrologie-yoga-vannes.fr\/?s={search_term_string}\"},\"query-input\":{\"@type\":\"PropertyValueSpecification\",\"valueRequired\":true,\"valueName\":\"search_term_string\"}}],\"inLanguage\":\"en-US\"},{\"@type\":[\"Person\",\"Organization\"],\"@id\":\"https:\/\/sophrologie-yoga-vannes.fr\/#\/schema\/person\/f55de37949b1becf1c1ac8b394e83fb1\",\"name\":\"Jean-Pierre\",\"image\":{\"@type\":\"ImageObject\",\"inLanguage\":\"en-US\",\"@id\":\"https:\/\/sophrologie-yoga-vannes.fr\/#\/schema\/person\/image\/\",\"url\":\"https:\/\/sophrologie-yoga-vannes.fr\/wp-content\/uploads\/2024\/11\/LOGO.png\",\"contentUrl\":\"https:\/\/sophrologie-yoga-vannes.fr\/wp-content\/uploads\/2024\/11\/LOGO.png\",\"width\":148,\"height\":148,\"caption\":\"Jean-Pierre\"},\"logo\":{\"@id\":\"https:\/\/sophrologie-yoga-vannes.fr\/#\/schema\/person\/image\/\"},\"sameAs\":[\"http:\/\/sophrologie-yoga-vannes.fr\"]}]}<\/script>\n<!-- \/ Yoast SEO plugin. -->","yoast_head_json":{"title":"Tarifs - Sophrologie-Yoga Vannes","description":"D\u00e9couvrez nos tarifs accessibles pour cours collectifs et s\u00e9ances individuelles de yoga et sophrologie, adapt\u00e9s \u00e0 tous, avec offre d\u00e9couverte.","robots":{"index":"index","follow":"follow","max-snippet":"max-snippet:-1","max-image-preview":"max-image-preview:large","max-video-preview":"max-video-preview:-1"},"canonical":"https:\/\/sophrologie-yoga-vannes.fr\/index.php\/tarifs\/","og_locale":"en_US","og_type":"article","og_title":"Tarifs - Sophrologie-Yoga Vannes","og_description":"D\u00e9couvrez nos tarifs accessibles pour cours collectifs et s\u00e9ances individuelles de yoga et sophrologie, adapt\u00e9s \u00e0 tous, avec offre d\u00e9couverte.","og_url":"https:\/\/sophrologie-yoga-vannes.fr\/index.php\/tarifs\/","og_site_name":"Sophrologie-Yoga Vannes","article_modified_time":"2025-02-22T14:02:23+00:00","twitter_card":"summary_large_image","twitter_misc":{"Est. reading time":"1 minute"},"schema":{"@context":"https:\/\/schema.org","@graph":[{"@type":"WebPage","@id":"https:\/\/sophrologie-yoga-vannes.fr\/index.php\/tarifs\/","url":"https:\/\/sophrologie-yoga-vannes.fr\/index.php\/tarifs\/","name":"Tarifs - Sophrologie-Yoga Vannes","isPartOf":{"@id":"https:\/\/sophrologie-yoga-vannes.fr\/#website"},"datePublished":"2024-12-07T10:15:13+00:00","dateModified":"2025-02-22T14:02:23+00:00","description":"D\u00e9couvrez nos tarifs accessibles pour cours collectifs et s\u00e9ances individuelles de yoga et sophrologie, adapt\u00e9s \u00e0 tous, avec offre d\u00e9couverte.","breadcrumb":{"@id":"https:\/\/sophrologie-yoga-vannes.fr\/index.php\/tarifs\/#breadcrumb"},"inLanguage":"en-US","potentialAction":[{"@type":"ReadAction","target":["https:\/\/sophrologie-yoga-vannes.fr\/index.php\/tarifs\/"]}]},{"@type":"BreadcrumbList","@id":"https:\/\/sophrologie-yoga-vannes.fr\/index.php\/tarifs\/#breadcrumb","itemListElement":[{"@type":"ListItem","position":1,"name":"Accueil","item":"https:\/\/sophrologie-yoga-vannes.fr\/"},{"@type":"ListItem","position":2,"name":"Tarifs"}]},{"@type":"WebSite","@id":"https:\/\/sophrologie-yoga-vannes.fr\/#website","url":"https:\/\/sophrologie-yoga-vannes.fr\/","name":"sophrologie-yoga-vannes","description":"Un site utilisant WordPress","publisher":{"@id":"https:\/\/sophrologie-yoga-vannes.fr\/#\/schema\/person\/f55de37949b1becf1c1ac8b394e83fb1"},"potentialAction":[{"@type":"SearchAction","target":{"@type":"EntryPoint","urlTemplate":"https:\/\/sophrologie-yoga-vannes.fr\/?s={search_term_string}"},"query-input":{"@type":"PropertyValueSpecification","valueRequired":true,"valueName":"search_term_string"}}],"inLanguage":"en-US"},{"@type":["Person","Organization"],"@id":"https:\/\/sophrologie-yoga-vannes.fr\/#\/schema\/person\/f55de37949b1becf1c1ac8b394e83fb1","name":"Jean-Pierre","image":{"@type":"ImageObject","inLanguage":"en-US","@id":"https:\/\/sophrologie-yoga-vannes.fr\/#\/schema\/person\/image\/","url":"https:\/\/sophrologie-yoga-vannes.fr\/wp-content\/uploads\/2024\/11\/LOGO.png","contentUrl":"https:\/\/sophrologie-yoga-vannes.fr\/wp-content\/uploads\/2024\/11\/LOGO.png","width":148,"height":148,"caption":"Jean-Pierre"},"logo":{"@id":"https:\/\/sophrologie-yoga-vannes.fr\/#\/schema\/person\/image\/"},"sameAs":["http:\/\/sophrologie-yoga-vannes.fr"]}]}},"_links":{"self":[{"href":"https:\/\/sophrologie-yoga-vannes.fr\/index.php\/wp-json\/wp\/v2\/pages\/120","targetHints":{"allow":["GET"]}}],"collection":[{"href":"https:\/\/sophrologie-yoga-vannes.fr\/index.php\/wp-json\/wp\/v2\/pages"}],"about":[{"href":"https:\/\/sophrologie-yoga-vannes.fr\/index.php\/wp-json\/wp\/v2\/types\/page"}],"author":[{"embeddable":true,"href":"https:\/\/sophrologie-yoga-vannes.fr\/index.php\/wp-json\/wp\/v2\/users\/1"}],"replies":[{"embeddable":true,"href":"https:\/\/sophrologie-yoga-vannes.fr\/index.php\/wp-json\/wp\/v2\/comments?post=120"}],"version-history":[{"count":16,"href":"https:\/\/sophrologie-yoga-vannes.fr\/index.php\/wp-json\/wp\/v2\/pages\/120\/revisions"}],"predecessor-version":[{"id":449,"href":"https:\/\/sophrologie-yoga-vannes.fr\/index.php\/wp-json\/wp\/v2\/pages\/120\/revisions\/449"}],"wp:attachment":[{"href":"https:\/\/sophrologie-yoga-vannes.fr\/index.php\/wp-json\/wp\/v2\/media?parent=120"}],"curies":[{"name":"wp","href":"https:\/\/api.w.org\/{rel}","templated":true}]}}