{"id":112,"date":"2024-12-04T21:28:38","date_gmt":"2024-12-04T20:28:38","guid":{"rendered":"https:\/\/sophrologie-yoga-vannes.fr\/?page_id=112"},"modified":"2025-03-22T15:48:32","modified_gmt":"2025-03-22T14:48:32","slug":"parcours-et-formation","status":"publish","type":"page","link":"https:\/\/sophrologie-yoga-vannes.fr\/index.php\/parcours-et-formation\/","title":{"rendered":"Parcours et formation"},"content":{"rendered":"\t\t<div data-elementor-type=\"wp-page\" data-elementor-id=\"112\" class=\"elementor elementor-112\">\n\t\t\t\t<div class=\"elementor-element elementor-element-62dfd6b e-flex e-con-boxed e-con e-parent\" data-id=\"62dfd6b\" data-element_type=\"container\" data-settings=\"{&quot;background_background&quot;:&quot;classic&quot;}\">\n\t\t\t\t\t<div class=\"e-con-inner\">\n\t\t\t\t<div class=\"elementor-element elementor-element-7636701 elementor-widget elementor-widget-heading\" data-id=\"7636701\" data-element_type=\"widget\" data-widget_type=\"heading.default\">\n\t\t\t\t<div class=\"elementor-widget-container\">\n\t\t\t\t\t<h1 class=\"elementor-heading-title elementor-size-default\">Parcours et formation<\/h1>\t\t\t\t<\/div>\n\t\t\t\t<\/div>\n\t\t\t\t<div class=\"elementor-element elementor-element-5b0a8c0 elementor-widget elementor-widget-image\" data-id=\"5b0a8c0\" data-element_type=\"widget\" data-widget_type=\"image.default\">\n\t\t\t\t<div class=\"elementor-widget-container\">\n\t\t\t\t\t\t\t\t\t\t\t\t\t\t\t<img fetchpriority=\"high\" decoding=\"async\" width=\"1024\" height=\"1024\" src=\"https:\/\/sophrologie-yoga-vannes.fr\/wp-content\/uploads\/2025\/01\/Jean-Pierre-Duffoux-1024x1024.jpg\" class=\"attachment-large size-large wp-image-292\" alt=\"Jean Pierre Duffoux\" srcset=\"https:\/\/sophrologie-yoga-vannes.fr\/wp-content\/uploads\/2025\/01\/Jean-Pierre-Duffoux-1024x1024.jpg 1024w, https:\/\/sophrologie-yoga-vannes.fr\/wp-content\/uploads\/2025\/01\/Jean-Pierre-Duffoux-300x300.jpg 300w, https:\/\/sophrologie-yoga-vannes.fr\/wp-content\/uploads\/2025\/01\/Jean-Pierre-Duffoux-150x150.jpg 150w, https:\/\/sophrologie-yoga-vannes.fr\/wp-content\/uploads\/2025\/01\/Jean-Pierre-Duffoux-768x768.jpg 768w, https:\/\/sophrologie-yoga-vannes.fr\/wp-content\/uploads\/2025\/01\/Jean-Pierre-Duffoux.jpg 1080w\" sizes=\"(max-width: 1024px) 100vw, 1024px\" \/>\t\t\t\t\t\t\t\t\t\t\t\t\t\t\t<\/div>\n\t\t\t\t<\/div>\n\t\t\t\t\t<\/div>\n\t\t\t\t<\/div>\n\t\t<div class=\"elementor-element elementor-element-2260a0c e-flex e-con-boxed e-con e-parent\" data-id=\"2260a0c\" data-element_type=\"container\" data-settings=\"{&quot;background_background&quot;:&quot;classic&quot;}\">\n\t\t\t\t\t<div class=\"e-con-inner\">\n\t\t\t\t<div class=\"elementor-element elementor-element-59e6179 elementor-widget elementor-widget-text-editor\" data-id=\"59e6179\" data-element_type=\"widget\" data-widget_type=\"text-editor.default\">\n\t\t\t\t<div class=\"elementor-widget-container\">\n\t\t\t\t\t\t\t\t\t<p>Enseignant de yoga et sophrologue depuis plus de 30 ans, partager les bienfaits de cet art de vivre est ma motivation profonde.<\/p><ul><li><p><strong>1979 :<\/strong> d\u00e9but de pratique du yoga.<br \/>Formation d\u2019enseignant \u00e0 l\u2019\u00c9cole Fran\u00e7aise de Yoga Rh\u00f4ne-Alpes, stages de perfectionnement, Acad\u00e9mie de Yoga de l\u2019\u00c9nergie<br \/>(Formateurs Boris Tatsky, Roger Clerc).<\/p><\/li><li><p>Avec Yvette Clouet : anatomie du corps appliqu\u00e9e au yoga, formation approfondie sur la respiration, les tensions du diaphragme et du plexus solaire. D\u00e9nouer les contractures musculaires.<\/p><\/li><li><p>Institut de Sophrologie Cayc\u00e9dienne de Lyon, dipl\u00f4me Master.<\/p><\/li><li><p>Th\u00e9rapies en Analyse Transactionnelle, rebirth, et psychog\u00e9n\u00e9alogie.<br \/>Formation au Yoga Personnalis\u00e9 avec Yves-No\u00ebl Gaudin.<\/p><\/li><\/ul><p>Tout ce parcours et l\u2019exp\u00e9rience dans les cours avec les \u00e9l\u00e8ves a \u00e9t\u00e9 d\u00e9terminant dans le processus d\u2019\u00e9volution.<br \/>Ceci m\u2019a amen\u00e9 \u00e0 repenser l\u2019enseignement et proposer des cours collectifs de 8 personnes maximum pour mieux personnaliser les pratiques et des s\u00e9ances individuelles avec harmonisation des \u00e9nergies des 12 m\u00e9ridiens.<\/p><p>Dans cet <strong>ART DE VIVRE<\/strong>, le respect de soi, un engagement soutenu, le d\u00e9sir de mieux se conna\u00eetre et d\u2019\u00e9voluer, l\u2019apprentissage du l\u00e2cher-prise, la mise en action dans ce but sont des valeurs importantes constituant les piliers de la pratique.<\/p>\t\t\t\t\t\t\t\t<\/div>\n\t\t\t\t<\/div>\n\t\t\t\t\t<\/div>\n\t\t\t\t<\/div>\n\t\t\t\t<\/div>\n\t\t","protected":false},"excerpt":{"rendered":"<p>Parcours et formation Enseignant de yoga et sophrologue depuis plus de 30 ans, partager les bienfaits de cet art de [&hellip;]<\/p>\n","protected":false},"author":1,"featured_media":0,"parent":0,"menu_order":0,"comment_status":"closed","ping_status":"closed","template":"","meta":{"site-sidebar-layout":"no-sidebar","site-content-layout":"","ast-site-content-layout":"full-width-container","site-content-style":"default","site-sidebar-style":"default","ast-global-header-display":"","ast-banner-title-visibility":"","ast-main-header-display":"","ast-hfb-above-header-display":"","ast-hfb-below-header-display":"","ast-hfb-mobile-header-display":"","site-post-title":"disabled","ast-breadcrumbs-content":"","ast-featured-img":"disabled","footer-sml-layout":"","theme-transparent-header-meta":"","adv-header-id-meta":"","stick-header-meta":"","header-above-stick-meta":"","header-main-stick-meta":"","header-below-stick-meta":"","astra-migrate-meta-layouts":"default","ast-page-background-enabled":"default","ast-page-background-meta":{"desktop":{"background-color":"var(--ast-global-color-4)","background-image":"","background-repeat":"repeat","background-position":"center center","background-size":"auto","background-attachment":"scroll","background-type":"","background-media":"","overlay-type":"","overlay-color":"","overlay-opacity":"","overlay-gradient":""},"tablet":{"background-color":"","background-image":"","background-repeat":"repeat","background-position":"center center","background-size":"auto","background-attachment":"scroll","background-type":"","background-media":"","overlay-type":"","overlay-color":"","overlay-opacity":"","overlay-gradient":""},"mobile":{"background-color":"","background-image":"","background-repeat":"repeat","background-position":"center center","background-size":"auto","background-attachment":"scroll","background-type":"","background-media":"","overlay-type":"","overlay-color":"","overlay-opacity":"","overlay-gradient":""}},"ast-content-background-meta":{"desktop":{"background-color":"var(--ast-global-color-5)","background-image":"","background-repeat":"repeat","background-position":"center center","background-size":"auto","background-attachment":"scroll","background-type":"","background-media":"","overlay-type":"","overlay-color":"","overlay-opacity":"","overlay-gradient":""},"tablet":{"background-color":"var(--ast-global-color-5)","background-image":"","background-repeat":"repeat","background-position":"center center","background-size":"auto","background-attachment":"scroll","background-type":"","background-media":"","overlay-type":"","overlay-color":"","overlay-opacity":"","overlay-gradient":""},"mobile":{"background-color":"var(--ast-global-color-5)","background-image":"","background-repeat":"repeat","background-position":"center center","background-size":"auto","background-attachment":"scroll","background-type":"","background-media":"","overlay-type":"","overlay-color":"","overlay-opacity":"","overlay-gradient":""}},"footnotes":""},"class_list":["post-112","page","type-page","status-publish","hentry"],"yoast_head":"<!-- This site is optimized with the Yoast SEO plugin v24.2 - https:\/\/yoast.com\/wordpress\/plugins\/seo\/ -->\n<title>Parcours et formation - Sophrologie-Yoga Vannes<\/title>\n<meta name=\"description\" content=\"D\u00e9couvrez le parcours et formation et l&#039;exp\u00e9rience de plus de 30 ans de votre enseignant en yoga et sophrologie, d\u00e9di\u00e9 \u00e0 votre bien-\u00eatre.\" \/>\n<meta name=\"robots\" content=\"index, follow, max-snippet:-1, max-image-preview:large, max-video-preview:-1\" \/>\n<link rel=\"canonical\" href=\"https:\/\/sophrologie-yoga-vannes.fr\/index.php\/parcours-et-formation\/\" \/>\n<meta property=\"og:locale\" content=\"en_US\" \/>\n<meta property=\"og:type\" content=\"article\" \/>\n<meta property=\"og:title\" content=\"Parcours et formation - Sophrologie-Yoga Vannes\" \/>\n<meta property=\"og:description\" content=\"D\u00e9couvrez le parcours et formation et l&#039;exp\u00e9rience de plus de 30 ans de votre enseignant en yoga et sophrologie, d\u00e9di\u00e9 \u00e0 votre bien-\u00eatre.\" \/>\n<meta property=\"og:url\" content=\"https:\/\/sophrologie-yoga-vannes.fr\/index.php\/parcours-et-formation\/\" \/>\n<meta property=\"og:site_name\" content=\"Sophrologie-Yoga Vannes\" \/>\n<meta property=\"article:modified_time\" content=\"2025-03-22T14:48:32+00:00\" \/>\n<meta property=\"og:image\" content=\"https:\/\/sophrologie-yoga-vannes.fr\/wp-content\/uploads\/2025\/01\/Jean-Pierre-Duffoux.jpg\" \/>\n\t<meta property=\"og:image:width\" content=\"1080\" \/>\n\t<meta property=\"og:image:height\" content=\"1080\" \/>\n\t<meta property=\"og:image:type\" content=\"image\/jpeg\" \/>\n<meta name=\"twitter:card\" content=\"summary_large_image\" \/>\n<meta name=\"twitter:label1\" content=\"Est. reading time\" \/>\n\t<meta name=\"twitter:data1\" content=\"2 minutes\" \/>\n<script type=\"application\/ld+json\" class=\"yoast-schema-graph\">{\"@context\":\"https:\/\/schema.org\",\"@graph\":[{\"@type\":\"WebPage\",\"@id\":\"https:\/\/sophrologie-yoga-vannes.fr\/index.php\/parcours-et-formation\/\",\"url\":\"https:\/\/sophrologie-yoga-vannes.fr\/index.php\/parcours-et-formation\/\",\"name\":\"Parcours et formation - Sophrologie-Yoga Vannes\",\"isPartOf\":{\"@id\":\"https:\/\/sophrologie-yoga-vannes.fr\/#website\"},\"primaryImageOfPage\":{\"@id\":\"https:\/\/sophrologie-yoga-vannes.fr\/index.php\/parcours-et-formation\/#primaryimage\"},\"image\":{\"@id\":\"https:\/\/sophrologie-yoga-vannes.fr\/index.php\/parcours-et-formation\/#primaryimage\"},\"thumbnailUrl\":\"http:\/\/sophrologie-yoga-vannes.fr\/wp-content\/uploads\/2025\/01\/Jean-Pierre-Duffoux-1024x1024.jpg\",\"datePublished\":\"2024-12-04T20:28:38+00:00\",\"dateModified\":\"2025-03-22T14:48:32+00:00\",\"description\":\"D\u00e9couvrez le parcours et formation et l'exp\u00e9rience de plus de 30 ans de votre enseignant en yoga et sophrologie, d\u00e9di\u00e9 \u00e0 votre bien-\u00eatre.\",\"breadcrumb\":{\"@id\":\"https:\/\/sophrologie-yoga-vannes.fr\/index.php\/parcours-et-formation\/#breadcrumb\"},\"inLanguage\":\"en-US\",\"potentialAction\":[{\"@type\":\"ReadAction\",\"target\":[\"https:\/\/sophrologie-yoga-vannes.fr\/index.php\/parcours-et-formation\/\"]}]},{\"@type\":\"ImageObject\",\"inLanguage\":\"en-US\",\"@id\":\"https:\/\/sophrologie-yoga-vannes.fr\/index.php\/parcours-et-formation\/#primaryimage\",\"url\":\"https:\/\/sophrologie-yoga-vannes.fr\/wp-content\/uploads\/2025\/01\/Jean-Pierre-Duffoux.jpg\",\"contentUrl\":\"https:\/\/sophrologie-yoga-vannes.fr\/wp-content\/uploads\/2025\/01\/Jean-Pierre-Duffoux.jpg\",\"width\":1080,\"height\":1080,\"caption\":\"Jean Pierre Duffoux\"},{\"@type\":\"BreadcrumbList\",\"@id\":\"https:\/\/sophrologie-yoga-vannes.fr\/index.php\/parcours-et-formation\/#breadcrumb\",\"itemListElement\":[{\"@type\":\"ListItem\",\"position\":1,\"name\":\"Accueil\",\"item\":\"https:\/\/sophrologie-yoga-vannes.fr\/\"},{\"@type\":\"ListItem\",\"position\":2,\"name\":\"Parcours et formation\"}]},{\"@type\":\"WebSite\",\"@id\":\"https:\/\/sophrologie-yoga-vannes.fr\/#website\",\"url\":\"https:\/\/sophrologie-yoga-vannes.fr\/\",\"name\":\"sophrologie-yoga-vannes\",\"description\":\"Un site utilisant WordPress\",\"publisher\":{\"@id\":\"https:\/\/sophrologie-yoga-vannes.fr\/#\/schema\/person\/f55de37949b1becf1c1ac8b394e83fb1\"},\"potentialAction\":[{\"@type\":\"SearchAction\",\"target\":{\"@type\":\"EntryPoint\",\"urlTemplate\":\"https:\/\/sophrologie-yoga-vannes.fr\/?s={search_term_string}\"},\"query-input\":{\"@type\":\"PropertyValueSpecification\",\"valueRequired\":true,\"valueName\":\"search_term_string\"}}],\"inLanguage\":\"en-US\"},{\"@type\":[\"Person\",\"Organization\"],\"@id\":\"https:\/\/sophrologie-yoga-vannes.fr\/#\/schema\/person\/f55de37949b1becf1c1ac8b394e83fb1\",\"name\":\"Jean-Pierre\",\"image\":{\"@type\":\"ImageObject\",\"inLanguage\":\"en-US\",\"@id\":\"https:\/\/sophrologie-yoga-vannes.fr\/#\/schema\/person\/image\/\",\"url\":\"https:\/\/sophrologie-yoga-vannes.fr\/wp-content\/uploads\/2024\/11\/LOGO.png\",\"contentUrl\":\"https:\/\/sophrologie-yoga-vannes.fr\/wp-content\/uploads\/2024\/11\/LOGO.png\",\"width\":148,\"height\":148,\"caption\":\"Jean-Pierre\"},\"logo\":{\"@id\":\"https:\/\/sophrologie-yoga-vannes.fr\/#\/schema\/person\/image\/\"},\"sameAs\":[\"http:\/\/sophrologie-yoga-vannes.fr\"]}]}<\/script>\n<!-- \/ Yoast SEO plugin. -->","yoast_head_json":{"title":"Parcours et formation - Sophrologie-Yoga Vannes","description":"D\u00e9couvrez le parcours et formation et l'exp\u00e9rience de plus de 30 ans de votre enseignant en yoga et sophrologie, d\u00e9di\u00e9 \u00e0 votre bien-\u00eatre.","robots":{"index":"index","follow":"follow","max-snippet":"max-snippet:-1","max-image-preview":"max-image-preview:large","max-video-preview":"max-video-preview:-1"},"canonical":"https:\/\/sophrologie-yoga-vannes.fr\/index.php\/parcours-et-formation\/","og_locale":"en_US","og_type":"article","og_title":"Parcours et formation - Sophrologie-Yoga Vannes","og_description":"D\u00e9couvrez le parcours et formation et l'exp\u00e9rience de plus de 30 ans de votre enseignant en yoga et sophrologie, d\u00e9di\u00e9 \u00e0 votre bien-\u00eatre.","og_url":"https:\/\/sophrologie-yoga-vannes.fr\/index.php\/parcours-et-formation\/","og_site_name":"Sophrologie-Yoga Vannes","article_modified_time":"2025-03-22T14:48:32+00:00","og_image":[{"width":1080,"height":1080,"url":"https:\/\/sophrologie-yoga-vannes.fr\/wp-content\/uploads\/2025\/01\/Jean-Pierre-Duffoux.jpg","type":"image\/jpeg"}],"twitter_card":"summary_large_image","twitter_misc":{"Est. reading time":"2 minutes"},"schema":{"@context":"https:\/\/schema.org","@graph":[{"@type":"WebPage","@id":"https:\/\/sophrologie-yoga-vannes.fr\/index.php\/parcours-et-formation\/","url":"https:\/\/sophrologie-yoga-vannes.fr\/index.php\/parcours-et-formation\/","name":"Parcours et formation - Sophrologie-Yoga Vannes","isPartOf":{"@id":"https:\/\/sophrologie-yoga-vannes.fr\/#website"},"primaryImageOfPage":{"@id":"https:\/\/sophrologie-yoga-vannes.fr\/index.php\/parcours-et-formation\/#primaryimage"},"image":{"@id":"https:\/\/sophrologie-yoga-vannes.fr\/index.php\/parcours-et-formation\/#primaryimage"},"thumbnailUrl":"http:\/\/sophrologie-yoga-vannes.fr\/wp-content\/uploads\/2025\/01\/Jean-Pierre-Duffoux-1024x1024.jpg","datePublished":"2024-12-04T20:28:38+00:00","dateModified":"2025-03-22T14:48:32+00:00","description":"D\u00e9couvrez le parcours et formation et l'exp\u00e9rience de plus de 30 ans de votre enseignant en yoga et sophrologie, d\u00e9di\u00e9 \u00e0 votre bien-\u00eatre.","breadcrumb":{"@id":"https:\/\/sophrologie-yoga-vannes.fr\/index.php\/parcours-et-formation\/#breadcrumb"},"inLanguage":"en-US","potentialAction":[{"@type":"ReadAction","target":["https:\/\/sophrologie-yoga-vannes.fr\/index.php\/parcours-et-formation\/"]}]},{"@type":"ImageObject","inLanguage":"en-US","@id":"https:\/\/sophrologie-yoga-vannes.fr\/index.php\/parcours-et-formation\/#primaryimage","url":"https:\/\/sophrologie-yoga-vannes.fr\/wp-content\/uploads\/2025\/01\/Jean-Pierre-Duffoux.jpg","contentUrl":"https:\/\/sophrologie-yoga-vannes.fr\/wp-content\/uploads\/2025\/01\/Jean-Pierre-Duffoux.jpg","width":1080,"height":1080,"caption":"Jean Pierre Duffoux"},{"@type":"BreadcrumbList","@id":"https:\/\/sophrologie-yoga-vannes.fr\/index.php\/parcours-et-formation\/#breadcrumb","itemListElement":[{"@type":"ListItem","position":1,"name":"Accueil","item":"https:\/\/sophrologie-yoga-vannes.fr\/"},{"@type":"ListItem","position":2,"name":"Parcours et formation"}]},{"@type":"WebSite","@id":"https:\/\/sophrologie-yoga-vannes.fr\/#website","url":"https:\/\/sophrologie-yoga-vannes.fr\/","name":"sophrologie-yoga-vannes","description":"Un site utilisant WordPress","publisher":{"@id":"https:\/\/sophrologie-yoga-vannes.fr\/#\/schema\/person\/f55de37949b1becf1c1ac8b394e83fb1"},"potentialAction":[{"@type":"SearchAction","target":{"@type":"EntryPoint","urlTemplate":"https:\/\/sophrologie-yoga-vannes.fr\/?s={search_term_string}"},"query-input":{"@type":"PropertyValueSpecification","valueRequired":true,"valueName":"search_term_string"}}],"inLanguage":"en-US"},{"@type":["Person","Organization"],"@id":"https:\/\/sophrologie-yoga-vannes.fr\/#\/schema\/person\/f55de37949b1becf1c1ac8b394e83fb1","name":"Jean-Pierre","image":{"@type":"ImageObject","inLanguage":"en-US","@id":"https:\/\/sophrologie-yoga-vannes.fr\/#\/schema\/person\/image\/","url":"https:\/\/sophrologie-yoga-vannes.fr\/wp-content\/uploads\/2024\/11\/LOGO.png","contentUrl":"https:\/\/sophrologie-yoga-vannes.fr\/wp-content\/uploads\/2024\/11\/LOGO.png","width":148,"height":148,"caption":"Jean-Pierre"},"logo":{"@id":"https:\/\/sophrologie-yoga-vannes.fr\/#\/schema\/person\/image\/"},"sameAs":["http:\/\/sophrologie-yoga-vannes.fr"]}]}},"_links":{"self":[{"href":"https:\/\/sophrologie-yoga-vannes.fr\/index.php\/wp-json\/wp\/v2\/pages\/112","targetHints":{"allow":["GET"]}}],"collection":[{"href":"https:\/\/sophrologie-yoga-vannes.fr\/index.php\/wp-json\/wp\/v2\/pages"}],"about":[{"href":"https:\/\/sophrologie-yoga-vannes.fr\/index.php\/wp-json\/wp\/v2\/types\/page"}],"author":[{"embeddable":true,"href":"https:\/\/sophrologie-yoga-vannes.fr\/index.php\/wp-json\/wp\/v2\/users\/1"}],"replies":[{"embeddable":true,"href":"https:\/\/sophrologie-yoga-vannes.fr\/index.php\/wp-json\/wp\/v2\/comments?post=112"}],"version-history":[{"count":40,"href":"https:\/\/sophrologie-yoga-vannes.fr\/index.php\/wp-json\/wp\/v2\/pages\/112\/revisions"}],"predecessor-version":[{"id":544,"href":"https:\/\/sophrologie-yoga-vannes.fr\/index.php\/wp-json\/wp\/v2\/pages\/112\/revisions\/544"}],"wp:attachment":[{"href":"https:\/\/sophrologie-yoga-vannes.fr\/index.php\/wp-json\/wp\/v2\/media?parent=112"}],"curies":[{"name":"wp","href":"https:\/\/api.w.org\/{rel}","templated":true}]}}